{"id":703,"date":"2019-02-20T13:37:31","date_gmt":"2019-02-20T13:37:31","guid":{"rendered":"https:\/\/travel-parking.de\/comment-ca-marche\/toujours-a-votre-service"},"modified":"2019-08-28T08:23:28","modified_gmt":"2019-08-28T08:23:28","slug":"toujours-a-votre-service","status":"publish","type":"page","link":"https:\/\/travel-parking.de\/fr\/comment-ca-marche\/toujours-a-votre-service","title":{"rendered":"Toujours \u00e0 votre service!"},"content":{"rendered":"\t\t<div data-elementor-type=\"wp-page\" data-elementor-id=\"703\" class=\"elementor elementor-703 elementor-192\" data-elementor-post-type=\"page\">\n\t\t\t\t\t\t<section class=\"elementor-section elementor-top-section elementor-element elementor-element-e1a2abe elementor-section-height-min-height elementor-section-boxed elementor-section-height-default elementor-section-items-middle\" data-id=\"e1a2abe\" data-element_type=\"section\" data-settings=\"{&quot;background_background&quot;:&quot;classic&quot;}\">\n\t\t\t\t\t\t\t<div class=\"elementor-background-overlay\"><\/div>\n\t\t\t\t\t\t\t<div class=\"elementor-container elementor-column-gap-default\">\n\t\t\t\t\t<div class=\"elementor-column elementor-col-100 elementor-top-column elementor-element elementor-element-4bc5659\" data-id=\"4bc5659\" data-element_type=\"column\">\n\t\t\t<div class=\"elementor-widget-wrap elementor-element-populated\">\n\t\t\t\t\t\t<div class=\"elementor-element elementor-element-83bb987 elementor-widget elementor-widget-heading\" data-id=\"83bb987\" data-element_type=\"widget\" data-widget_type=\"heading.default\">\n\t\t\t\t<div class=\"elementor-widget-container\">\n\t\t\t<h1 class=\"elementor-heading-title elementor-size-default\">Nous sommes toujours l\u00e0 pour vous!<\/h1>\t\t<\/div>\n\t\t\t\t<\/div>\n\t\t\t\t<div class=\"elementor-element elementor-element-153385d elementor-widget elementor-widget-heading\" data-id=\"153385d\" data-element_type=\"widget\" data-widget_type=\"heading.default\">\n\t\t\t\t<div class=\"elementor-widget-container\">\n\t\t\t<h2 class=\"elementor-heading-title elementor-size-default\">Service de navette ou de voiturier - Service 24h <\/h2>\t\t<\/div>\n\t\t\t\t<\/div>\n\t\t\t\t\t<\/div>\n\t\t<\/div>\n\t\t\t\t\t<\/div>\n\t\t<\/section>\n\t\t\t\t<section class=\"elementor-section elementor-top-section elementor-element elementor-element-830b4aa elementor-section-boxed elementor-section-height-default elementor-section-height-default\" data-id=\"830b4aa\" data-element_type=\"section\">\n\t\t\t\t\t\t<div class=\"elementor-container elementor-column-gap-default\">\n\t\t\t\t\t<div class=\"elementor-column elementor-col-100 elementor-top-column elementor-element elementor-element-885c323\" data-id=\"885c323\" data-element_type=\"column\">\n\t\t\t<div class=\"elementor-widget-wrap elementor-element-populated\">\n\t\t\t\t\t\t<div class=\"elementor-element elementor-element-9e2ec60 elementor-widget elementor-widget-spacer\" data-id=\"9e2ec60\" data-element_type=\"widget\" data-widget_type=\"spacer.default\">\n\t\t\t\t<div class=\"elementor-widget-container\">\n\t\t\t\t\t<div class=\"elementor-spacer\">\n\t\t\t<div class=\"elementor-spacer-inner\"><\/div>\n\t\t<\/div>\n\t\t\t\t<\/div>\n\t\t\t\t<\/div>\n\t\t\t\t\t<\/div>\n\t\t<\/div>\n\t\t\t\t\t<\/div>\n\t\t<\/section>\n\t\t\t\t<section class=\"elementor-section elementor-top-section elementor-element elementor-element-f9942e3 elementor-section-boxed elementor-section-height-default elementor-section-height-default\" data-id=\"f9942e3\" data-element_type=\"section\">\n\t\t\t\t\t\t<div class=\"elementor-container elementor-column-gap-default\">\n\t\t\t\t\t<div class=\"elementor-column elementor-col-100 elementor-top-column elementor-element elementor-element-7dd408c\" data-id=\"7dd408c\" data-element_type=\"column\">\n\t\t\t<div class=\"elementor-widget-wrap elementor-element-populated\">\n\t\t\t\t\t\t<div class=\"elementor-element elementor-element-9fab003 elementor-widget elementor-widget-heading\" data-id=\"9fab003\" data-element_type=\"widget\" data-widget_type=\"heading.default\">\n\t\t\t\t<div class=\"elementor-widget-container\">\n\t\t\t<h3 class=\"elementor-heading-title elementor-size-default\"> Nous \u00e9crivons grand service et 24 heures par jour<\/h3>\t\t<\/div>\n\t\t\t\t<\/div>\n\t\t\t\t\t<\/div>\n\t\t<\/div>\n\t\t\t\t\t<\/div>\n\t\t<\/section>\n\t\t\t\t<section class=\"elementor-section elementor-top-section elementor-element elementor-element-46fc9ca elementor-section-boxed elementor-section-height-default elementor-section-height-default\" data-id=\"46fc9ca\" data-element_type=\"section\">\n\t\t\t\t\t\t<div class=\"elementor-container elementor-column-gap-default\">\n\t\t\t\t\t<div class=\"elementor-column elementor-col-33 elementor-top-column elementor-element elementor-element-7679462\" data-id=\"7679462\" data-element_type=\"column\">\n\t\t\t<div class=\"elementor-widget-wrap elementor-element-populated\">\n\t\t\t\t\t\t<div class=\"elementor-element elementor-element-9619d36 elementor-widget elementor-widget-image\" data-id=\"9619d36\" data-element_type=\"widget\" data-widget_type=\"image.default\">\n\t\t\t\t<div class=\"elementor-widget-container\">\n\t\t\t\t\t\t\t\t\t\t\t\t\t<img decoding=\"async\" src=\"https:\/\/travel-parking.de\/wp-content\/uploads\/elementor\/thumbs\/24StdService-o41fc780hcrv9piasr0xksf3nr7r1yz6sn6iraudss.jpg\" title=\"Toujours \u00e0 votre service!\" alt=\"Toujours \u00e0 votre service! A\u00e9roport de Francfort\" loading=\"lazy\" \/>\t\t\t\t\t\t\t\t\t\t\t\t\t<\/div>\n\t\t\t\t<\/div>\n\t\t\t\t\t<\/div>\n\t\t<\/div>\n\t\t\t\t<div class=\"elementor-column elementor-col-66 elementor-top-column elementor-element elementor-element-6231dd1\" data-id=\"6231dd1\" data-element_type=\"column\">\n\t\t\t<div class=\"elementor-widget-wrap elementor-element-populated\">\n\t\t\t\t\t\t<div class=\"elementor-element elementor-element-df934f2 elementor-widget elementor-widget-text-editor\" data-id=\"df934f2\" data-element_type=\"widget\" data-widget_type=\"text-editor.default\">\n\t\t\t\t<div class=\"elementor-widget-container\">\n\t\t\t\t\t\t\t<p>Nos navettes sont disponibles chaque fois que vous en avez besoin &#8211; dans les deux sens, par tous les temps (M\u00e9t\u00e9o), et \u00e0 tout moment de la journ\u00e9e.<br \/>\nMais ce n\u2019est pas tout ! Chaque fois que vous avez une question, par exemple \u00e0 propos de votre r\u00e9servation, vous pouvez nous appeler \u00e0 tout moment &#8211; ou utilisez le formulaire de contact sur notre site web.<br \/>\nVous recevrez rapidement une r\u00e9ponse personnelle.<br \/>\nAvez-vous besoin de tout service suppl\u00e9mentaire avant votre arriv\u00e9e, comme les courses, le ravitaillement en carburant ou le service de r\u00e9paration (garage)? Alors, appelez-nous ! Nous serons heureux de vous assister.<\/p>\n<p>Dans l\u2019impatience de vous servir !<\/p>\n\t\t\t\t\t\t<\/div>\n\t\t\t\t<\/div>\n\t\t\t\t\t<\/div>\n\t\t<\/div>\n\t\t\t\t\t<\/div>\n\t\t<\/section>\n\t\t\t\t<section class=\"elementor-section elementor-top-section elementor-element elementor-element-ec54948 elementor-section-boxed elementor-section-height-default elementor-section-height-default\" data-id=\"ec54948\" data-element_type=\"section\">\n\t\t\t\t\t\t<div class=\"elementor-container elementor-column-gap-default\">\n\t\t\t\t\t<div class=\"elementor-column elementor-col-100 elementor-top-column elementor-element elementor-element-7773c85\" data-id=\"7773c85\" data-element_type=\"column\">\n\t\t\t<div class=\"elementor-widget-wrap elementor-element-populated\">\n\t\t\t\t\t\t<div class=\"elementor-element elementor-element-fce8952 elementor-widget elementor-widget-spacer\" data-id=\"fce8952\" data-element_type=\"widget\" data-widget_type=\"spacer.default\">\n\t\t\t\t<div class=\"elementor-widget-container\">\n\t\t\t\t\t<div class=\"elementor-spacer\">\n\t\t\t<div class=\"elementor-spacer-inner\"><\/div>\n\t\t<\/div>\n\t\t\t\t<\/div>\n\t\t\t\t<\/div>\n\t\t\t\t\t<\/div>\n\t\t<\/div>\n\t\t\t\t\t<\/div>\n\t\t<\/section>\n\t\t\t\t<\/div>\n\t\t","protected":false},"excerpt":{"rendered":"<p>Nous sommes toujours l\u00e0 pour vous! Service de navette ou de voiturier &#8211; Service 24h Nous \u00e9crivons grand service et 24 heures par jour Nos navettes sont disponibles chaque fois que vous en avez besoin &#8211; dans les deux sens, par tous les temps (M\u00e9t\u00e9o), et \u00e0 tout moment de la journ\u00e9e. Mais ce n\u2019est [&hellip;]<\/p>\n","protected":false},"author":2,"featured_media":0,"parent":701,"menu_order":0,"comment_status":"closed","ping_status":"closed","template":"","meta":{"ocean_post_layout":"","ocean_both_sidebars_style":"","ocean_both_sidebars_content_width":0,"ocean_both_sidebars_sidebars_width":0,"ocean_sidebar":"0","ocean_second_sidebar":"0","ocean_disable_margins":"enable","ocean_add_body_class":"","ocean_shortcode_before_top_bar":"","ocean_shortcode_after_top_bar":"","ocean_shortcode_before_header":"","ocean_shortcode_after_header":"","ocean_has_shortcode":"","ocean_shortcode_after_title":"","ocean_shortcode_before_footer_widgets":"","ocean_shortcode_after_footer_widgets":"","ocean_shortcode_before_footer_bottom":"","ocean_shortcode_after_footer_bottom":"","ocean_display_top_bar":"default","ocean_display_header":"default","ocean_header_style":"","ocean_center_header_left_menu":"0","ocean_custom_header_template":"0","ocean_custom_logo":0,"ocean_custom_retina_logo":0,"ocean_custom_logo_max_width":0,"ocean_custom_logo_tablet_max_width":0,"ocean_custom_logo_mobile_max_width":0,"ocean_custom_logo_max_height":0,"ocean_custom_logo_tablet_max_height":0,"ocean_custom_logo_mobile_max_height":0,"ocean_header_custom_menu":"0","ocean_menu_typo_font_family":"0","ocean_menu_typo_font_subset":"","ocean_menu_typo_font_size":0,"ocean_menu_typo_font_size_tablet":0,"ocean_menu_typo_font_size_mobile":0,"ocean_menu_typo_font_size_unit":"px","ocean_menu_typo_font_weight":"","ocean_menu_typo_font_weight_tablet":"","ocean_menu_typo_font_weight_mobile":"","ocean_menu_typo_transform":"","ocean_menu_typo_transform_tablet":"","ocean_menu_typo_transform_mobile":"","ocean_menu_typo_line_height":0,"ocean_menu_typo_line_height_tablet":0,"ocean_menu_typo_line_height_mobile":0,"ocean_menu_typo_line_height_unit":"","ocean_menu_typo_spacing":0,"ocean_menu_typo_spacing_tablet":0,"ocean_menu_typo_spacing_mobile":0,"ocean_menu_typo_spacing_unit":"","ocean_menu_link_color":"","ocean_menu_link_color_hover":"","ocean_menu_link_color_active":"","ocean_menu_link_background":"","ocean_menu_link_hover_background":"","ocean_menu_link_active_background":"","ocean_menu_social_links_bg":"","ocean_menu_social_hover_links_bg":"","ocean_menu_social_links_color":"","ocean_menu_social_hover_links_color":"","ocean_disable_title":"default","ocean_disable_heading":"default","ocean_post_title":"","ocean_post_subheading":"","ocean_post_title_style":"","ocean_post_title_background_color":"","ocean_post_title_background":0,"ocean_post_title_bg_image_position":"","ocean_post_title_bg_image_attachment":"","ocean_post_title_bg_image_repeat":"","ocean_post_title_bg_image_size":"","ocean_post_title_height":0,"ocean_post_title_bg_overlay":0.5,"ocean_post_title_bg_overlay_color":"","ocean_disable_breadcrumbs":"default","ocean_breadcrumbs_color":"","ocean_breadcrumbs_separator_color":"","ocean_breadcrumbs_links_color":"","ocean_breadcrumbs_links_hover_color":"","ocean_display_footer_widgets":"default","ocean_display_footer_bottom":"default","ocean_custom_footer_template":"0","footnotes":""},"class_list":["post-703","page","type-page","status-publish","hentry","entry"],"yoast_head":"<!-- This site is optimized with the Yoast SEO plugin v27.5 - https:\/\/yoast.com\/product\/yoast-seo-wordpress\/ -->\n<title>Toujours \u00e0 votre service! &#8902; Parken Flughafen Frankfurt | Travel-Parking.de<\/title>\n<meta name=\"description\" content=\"Toujours \u00e0 votre service! Travel-Parking.de\/fr\" \/>\n<meta name=\"robots\" content=\"index, follow, max-snippet:-1, max-image-preview:large, max-video-preview:-1\" \/>\n<link rel=\"canonical\" href=\"https:\/\/travel-parking.de\/fr\/comment-ca-marche\/toujours-a-votre-service\" \/>\n<meta property=\"og:locale\" content=\"fr_FR\" \/>\n<meta property=\"og:type\" content=\"article\" \/>\n<meta property=\"og:title\" content=\"Toujours \u00e0 votre service! &#8902; Parken Flughafen Frankfurt | Travel-Parking.de\" \/>\n<meta property=\"og:description\" content=\"Toujours \u00e0 votre service! Travel-Parking.de\/fr\" \/>\n<meta property=\"og:url\" content=\"https:\/\/travel-parking.de\/fr\/comment-ca-marche\/toujours-a-votre-service\" \/>\n<meta property=\"og:site_name\" content=\"Parken Flughafen Frankfurt | Travel-Parking.de\" \/>\n<meta property=\"article:publisher\" content=\"https:\/\/www.facebook.com\/parken.flughafen.frankfurt\/\" \/>\n<meta property=\"article:modified_time\" content=\"2019-08-28T08:23:28+00:00\" \/>\n<meta property=\"og:image\" content=\"https:\/\/travel-parking.de\/wp-content\/uploads\/elementor\/thumbs\/24StdService-o41fc780hcrv9piasr0xksf3nr7r1yz6sn6iraudss.jpg\" \/>\n<meta name=\"twitter:card\" content=\"summary_large_image\" \/>\n<meta name=\"twitter:label1\" content=\"Dur\u00e9e de lecture estim\u00e9e\" \/>\n\t<meta name=\"twitter:data1\" content=\"1 minute\" \/>\n<script type=\"application\/ld+json\" class=\"yoast-schema-graph\">{\"@context\":\"https:\\\/\\\/schema.org\",\"@graph\":[{\"@type\":\"WebPage\",\"@id\":\"https:\\\/\\\/travel-parking.de\\\/fr\\\/comment-ca-marche\\\/toujours-a-votre-service\",\"url\":\"https:\\\/\\\/travel-parking.de\\\/fr\\\/comment-ca-marche\\\/toujours-a-votre-service\",\"name\":\"Toujours \u00e0 votre service! &#8902; Parken Flughafen Frankfurt | Travel-Parking.de\",\"isPartOf\":{\"@id\":\"https:\\\/\\\/travel-parking.de\\\/fr#website\"},\"primaryImageOfPage\":{\"@id\":\"https:\\\/\\\/travel-parking.de\\\/fr\\\/comment-ca-marche\\\/toujours-a-votre-service#primaryimage\"},\"image\":{\"@id\":\"https:\\\/\\\/travel-parking.de\\\/fr\\\/comment-ca-marche\\\/toujours-a-votre-service#primaryimage\"},\"thumbnailUrl\":\"https:\\\/\\\/travel-parking.de\\\/wp-content\\\/uploads\\\/elementor\\\/thumbs\\\/24StdService-o41fc780hcrv9piasr0xksf3nr7r1yz6sn6iraudss.jpg\",\"datePublished\":\"2019-02-20T13:37:31+00:00\",\"dateModified\":\"2019-08-28T08:23:28+00:00\",\"description\":\"Toujours \u00e0 votre service! Travel-Parking.de\\\/fr\",\"breadcrumb\":{\"@id\":\"https:\\\/\\\/travel-parking.de\\\/fr\\\/comment-ca-marche\\\/toujours-a-votre-service#breadcrumb\"},\"inLanguage\":\"fr-FR\",\"potentialAction\":[{\"@type\":\"ReadAction\",\"target\":[\"https:\\\/\\\/travel-parking.de\\\/fr\\\/comment-ca-marche\\\/toujours-a-votre-service\"]}]},{\"@type\":\"ImageObject\",\"inLanguage\":\"fr-FR\",\"@id\":\"https:\\\/\\\/travel-parking.de\\\/fr\\\/comment-ca-marche\\\/toujours-a-votre-service#primaryimage\",\"url\":\"https:\\\/\\\/travel-parking.de\\\/wp-content\\\/uploads\\\/elementor\\\/thumbs\\\/24StdService-o41fc780hcrv9piasr0xksf3nr7r1yz6sn6iraudss.jpg\",\"contentUrl\":\"https:\\\/\\\/travel-parking.de\\\/wp-content\\\/uploads\\\/elementor\\\/thumbs\\\/24StdService-o41fc780hcrv9piasr0xksf3nr7r1yz6sn6iraudss.jpg\"},{\"@type\":\"BreadcrumbList\",\"@id\":\"https:\\\/\\\/travel-parking.de\\\/fr\\\/comment-ca-marche\\\/toujours-a-votre-service#breadcrumb\",\"itemListElement\":[{\"@type\":\"ListItem\",\"position\":1,\"name\":\"Homepage\",\"item\":\"https:\\\/\\\/travel-parking.de\\\/fr\"},{\"@type\":\"ListItem\",\"position\":2,\"name\":\"Comment \u00e7a marche!\",\"item\":\"https:\\\/\\\/travel-parking.de\\\/fr\\\/comment-ca-marche\"},{\"@type\":\"ListItem\",\"position\":3,\"name\":\"Toujours \u00e0 votre service!\"}]},{\"@type\":\"WebSite\",\"@id\":\"https:\\\/\\\/travel-parking.de\\\/fr#website\",\"url\":\"https:\\\/\\\/travel-parking.de\\\/fr\",\"name\":\"Parken Flughafen Frankfurt | Travel-Parking.de\",\"description\":\"Einfach schlauer parken...\",\"publisher\":{\"@id\":\"https:\\\/\\\/travel-parking.de\\\/fr#organization\"},\"potentialAction\":[{\"@type\":\"SearchAction\",\"target\":{\"@type\":\"EntryPoint\",\"urlTemplate\":\"https:\\\/\\\/travel-parking.de\\\/fr?s={search_term_string}\"},\"query-input\":{\"@type\":\"PropertyValueSpecification\",\"valueRequired\":true,\"valueName\":\"search_term_string\"}}],\"inLanguage\":\"fr-FR\"},{\"@type\":\"Organization\",\"@id\":\"https:\\\/\\\/travel-parking.de\\\/fr#organization\",\"name\":\"Travel-Parking Frankfurt\",\"url\":\"https:\\\/\\\/travel-parking.de\\\/fr\",\"logo\":{\"@type\":\"ImageObject\",\"inLanguage\":\"fr-FR\",\"@id\":\"https:\\\/\\\/travel-parking.de\\\/fr#\\\/schema\\\/logo\\\/image\\\/\",\"url\":\"https:\\\/\\\/travel-parking.de\\\/wp-content\\\/uploads\\\/2019\\\/02\\\/tp_logo.png\",\"contentUrl\":\"https:\\\/\\\/travel-parking.de\\\/wp-content\\\/uploads\\\/2019\\\/02\\\/tp_logo.png\",\"width\":2480,\"height\":1748,\"caption\":\"Travel-Parking Frankfurt\"},\"image\":{\"@id\":\"https:\\\/\\\/travel-parking.de\\\/fr#\\\/schema\\\/logo\\\/image\\\/\"},\"sameAs\":[\"https:\\\/\\\/www.facebook.com\\\/parken.flughafen.frankfurt\\\/\",\"https:\\\/\\\/www.youtube.com\\\/user\\\/travelparking\"]}]}<\/script>\n<!-- \/ Yoast SEO plugin. -->","yoast_head_json":{"title":"Toujours \u00e0 votre service! &#8902; Parken Flughafen Frankfurt | Travel-Parking.de","description":"Toujours \u00e0 votre service! Travel-Parking.de\/fr","robots":{"index":"index","follow":"follow","max-snippet":"max-snippet:-1","max-image-preview":"max-image-preview:large","max-video-preview":"max-video-preview:-1"},"canonical":"https:\/\/travel-parking.de\/fr\/comment-ca-marche\/toujours-a-votre-service","og_locale":"fr_FR","og_type":"article","og_title":"Toujours \u00e0 votre service! &#8902; Parken Flughafen Frankfurt | Travel-Parking.de","og_description":"Toujours \u00e0 votre service! Travel-Parking.de\/fr","og_url":"https:\/\/travel-parking.de\/fr\/comment-ca-marche\/toujours-a-votre-service","og_site_name":"Parken Flughafen Frankfurt | Travel-Parking.de","article_publisher":"https:\/\/www.facebook.com\/parken.flughafen.frankfurt\/","article_modified_time":"2019-08-28T08:23:28+00:00","og_image":[{"url":"https:\/\/travel-parking.de\/wp-content\/uploads\/elementor\/thumbs\/24StdService-o41fc780hcrv9piasr0xksf3nr7r1yz6sn6iraudss.jpg","type":"","width":"","height":""}],"twitter_card":"summary_large_image","twitter_misc":{"Dur\u00e9e de lecture estim\u00e9e":"1 minute"},"schema":{"@context":"https:\/\/schema.org","@graph":[{"@type":"WebPage","@id":"https:\/\/travel-parking.de\/fr\/comment-ca-marche\/toujours-a-votre-service","url":"https:\/\/travel-parking.de\/fr\/comment-ca-marche\/toujours-a-votre-service","name":"Toujours \u00e0 votre service! &#8902; Parken Flughafen Frankfurt | Travel-Parking.de","isPartOf":{"@id":"https:\/\/travel-parking.de\/fr#website"},"primaryImageOfPage":{"@id":"https:\/\/travel-parking.de\/fr\/comment-ca-marche\/toujours-a-votre-service#primaryimage"},"image":{"@id":"https:\/\/travel-parking.de\/fr\/comment-ca-marche\/toujours-a-votre-service#primaryimage"},"thumbnailUrl":"https:\/\/travel-parking.de\/wp-content\/uploads\/elementor\/thumbs\/24StdService-o41fc780hcrv9piasr0xksf3nr7r1yz6sn6iraudss.jpg","datePublished":"2019-02-20T13:37:31+00:00","dateModified":"2019-08-28T08:23:28+00:00","description":"Toujours \u00e0 votre service! Travel-Parking.de\/fr","breadcrumb":{"@id":"https:\/\/travel-parking.de\/fr\/comment-ca-marche\/toujours-a-votre-service#breadcrumb"},"inLanguage":"fr-FR","potentialAction":[{"@type":"ReadAction","target":["https:\/\/travel-parking.de\/fr\/comment-ca-marche\/toujours-a-votre-service"]}]},{"@type":"ImageObject","inLanguage":"fr-FR","@id":"https:\/\/travel-parking.de\/fr\/comment-ca-marche\/toujours-a-votre-service#primaryimage","url":"https:\/\/travel-parking.de\/wp-content\/uploads\/elementor\/thumbs\/24StdService-o41fc780hcrv9piasr0xksf3nr7r1yz6sn6iraudss.jpg","contentUrl":"https:\/\/travel-parking.de\/wp-content\/uploads\/elementor\/thumbs\/24StdService-o41fc780hcrv9piasr0xksf3nr7r1yz6sn6iraudss.jpg"},{"@type":"BreadcrumbList","@id":"https:\/\/travel-parking.de\/fr\/comment-ca-marche\/toujours-a-votre-service#breadcrumb","itemListElement":[{"@type":"ListItem","position":1,"name":"Homepage","item":"https:\/\/travel-parking.de\/fr"},{"@type":"ListItem","position":2,"name":"Comment \u00e7a marche!","item":"https:\/\/travel-parking.de\/fr\/comment-ca-marche"},{"@type":"ListItem","position":3,"name":"Toujours \u00e0 votre service!"}]},{"@type":"WebSite","@id":"https:\/\/travel-parking.de\/fr#website","url":"https:\/\/travel-parking.de\/fr","name":"Parken Flughafen Frankfurt | Travel-Parking.de","description":"Einfach schlauer parken...","publisher":{"@id":"https:\/\/travel-parking.de\/fr#organization"},"potentialAction":[{"@type":"SearchAction","target":{"@type":"EntryPoint","urlTemplate":"https:\/\/travel-parking.de\/fr?s={search_term_string}"},"query-input":{"@type":"PropertyValueSpecification","valueRequired":true,"valueName":"search_term_string"}}],"inLanguage":"fr-FR"},{"@type":"Organization","@id":"https:\/\/travel-parking.de\/fr#organization","name":"Travel-Parking Frankfurt","url":"https:\/\/travel-parking.de\/fr","logo":{"@type":"ImageObject","inLanguage":"fr-FR","@id":"https:\/\/travel-parking.de\/fr#\/schema\/logo\/image\/","url":"https:\/\/travel-parking.de\/wp-content\/uploads\/2019\/02\/tp_logo.png","contentUrl":"https:\/\/travel-parking.de\/wp-content\/uploads\/2019\/02\/tp_logo.png","width":2480,"height":1748,"caption":"Travel-Parking Frankfurt"},"image":{"@id":"https:\/\/travel-parking.de\/fr#\/schema\/logo\/image\/"},"sameAs":["https:\/\/www.facebook.com\/parken.flughafen.frankfurt\/","https:\/\/www.youtube.com\/user\/travelparking"]}]}},"_links":{"self":[{"href":"https:\/\/travel-parking.de\/fr\/wp-json\/wp\/v2\/pages\/703","targetHints":{"allow":["GET"]}}],"collection":[{"href":"https:\/\/travel-parking.de\/fr\/wp-json\/wp\/v2\/pages"}],"about":[{"href":"https:\/\/travel-parking.de\/fr\/wp-json\/wp\/v2\/types\/page"}],"author":[{"embeddable":true,"href":"https:\/\/travel-parking.de\/fr\/wp-json\/wp\/v2\/users\/2"}],"replies":[{"embeddable":true,"href":"https:\/\/travel-parking.de\/fr\/wp-json\/wp\/v2\/comments?post=703"}],"version-history":[{"count":4,"href":"https:\/\/travel-parking.de\/fr\/wp-json\/wp\/v2\/pages\/703\/revisions"}],"predecessor-version":[{"id":1471,"href":"https:\/\/travel-parking.de\/fr\/wp-json\/wp\/v2\/pages\/703\/revisions\/1471"}],"up":[{"embeddable":true,"href":"https:\/\/travel-parking.de\/fr\/wp-json\/wp\/v2\/pages\/701"}],"wp:attachment":[{"href":"https:\/\/travel-parking.de\/fr\/wp-json\/wp\/v2\/media?parent=703"}],"curies":[{"name":"wp","href":"https:\/\/api.w.org\/{rel}","templated":true}]}}